{"id":25,"date":"2014-07-28T12:44:48","date_gmt":"2014-07-28T10:44:48","guid":{"rendered":"http:\/\/www.simone-huelshorst.de\/?page_id=25"},"modified":"2014-08-15T08:13:27","modified_gmt":"2014-08-15T06:13:27","slug":"kontakt","status":"publish","type":"page","link":"http:\/\/www.simone-huelshorst.de\/?page_id=25","title":{"rendered":"Kontakt"},"content":{"rendered":"<table border=\"0\" width=\"100%\" cellspacing=\"0\" cellpadding=\"10\">\n<tbody>\n<tr>\n<td align=\"center\" valign=\"middle\" width=\"20%\"><img loading=\"lazy\" class=\"alignright wp-image-70 size-full\" src=\"http:\/\/www.simone-huelshorst.de\/sh\/wp-content\/uploads\/2014\/08\/Logo_stechpalme_gruen_transparent.png\" alt=\"Logo Simone H\u00fclshorst\" width=\"250\" height=\"71\" \/><\/td>\n<td align=\"left\" valign=\"top\" width=\"80%\"><strong>Simone H\u00fclshorst<\/strong><br \/>\nKlever Stra\u00dfe 7<br \/>\n44141 Dortmund<br \/>\nTel. 0231.130 158 11<br \/>\nMobil 0176.721 726 69<br \/>\neMail: <a href=\"mailto:sh@simone-huelshorst.de\" target=\"_blank\">sh@simone-huelshorst.de<\/a><br \/>\noder \u00fcber das Kontaktformular:<\/td>\n<\/tr>\n<\/tbody>\n<\/table>\n<div role=\"form\" class=\"wpcf7\" id=\"wpcf7-f4-o1\" lang=\"de-DE\" dir=\"ltr\">\n<div class=\"screen-reader-response\"><p role=\"status\" aria-live=\"polite\" aria-atomic=\"true\"><\/p> <ul><\/ul><\/div>\n<form action=\"\/index.php?rest_route=%2Fwp%2Fv2%2Fpages%2F25#wpcf7-f4-o1\" method=\"post\" class=\"wpcf7-form init\" novalidate=\"novalidate\" data-status=\"init\">\n<div style=\"display: none;\">\n<input type=\"hidden\" name=\"_wpcf7\" value=\"4\" \/>\n<input type=\"hidden\" name=\"_wpcf7_version\" value=\"5.3.2\" \/>\n<input type=\"hidden\" name=\"_wpcf7_locale\" value=\"de_DE\" \/>\n<input type=\"hidden\" name=\"_wpcf7_unit_tag\" value=\"wpcf7-f4-o1\" \/>\n<input type=\"hidden\" name=\"_wpcf7_container_post\" value=\"0\" \/>\n<input type=\"hidden\" name=\"_wpcf7_posted_data_hash\" value=\"\" \/>\n<\/div>\n<p>Bitte geben Sie Ihren Namen ein<br \/>\n    <span class=\"wpcf7-form-control-wrap your-name\"><input type=\"text\" name=\"your-name\" value=\"\" size=\"40\" class=\"wpcf7-form-control wpcf7-text wpcf7-validates-as-required\" aria-required=\"true\" aria-invalid=\"false\" \/><\/span> <\/p>\n<p>Ihre E-Mail-Adresse<br \/>\n    <span class=\"wpcf7-form-control-wrap your-email\"><input type=\"email\" name=\"your-email\" value=\"\" size=\"40\" class=\"wpcf7-form-control wpcf7-text wpcf7-email wpcf7-validates-as-email\" aria-invalid=\"false\" \/><\/span> <\/p>\n<p>Thema<br \/>\n    <span class=\"wpcf7-form-control-wrap your-subject\"><input type=\"text\" name=\"your-subject\" value=\"\" size=\"40\" class=\"wpcf7-form-control wpcf7-text\" aria-invalid=\"false\" \/><\/span> <\/p>\n<p>Ihre Nachricht<br \/>\n    <span class=\"wpcf7-form-control-wrap your-message\"><textarea name=\"your-message\" cols=\"40\" rows=\"10\" class=\"wpcf7-form-control wpcf7-textarea\" aria-invalid=\"false\"><\/textarea><\/span> <\/p>\n<p><input type=\"submit\" value=\"Senden\" class=\"wpcf7-form-control wpcf7-submit\" \/><\/p>\n<div class=\"wpcf7-response-output\" aria-hidden=\"true\"><\/div><\/form><\/div>\n","protected":false},"excerpt":{"rendered":"<p>Simone H\u00fclshorst Klever Stra\u00dfe 7 44141 Dortmund Tel. 0231.130 158 11 Mobil 0176.721 726 69 eMail: sh@simone-huelshorst.de oder \u00fcber das Kontaktformular:<\/p>\n","protected":false},"author":1,"featured_media":0,"parent":0,"menu_order":0,"comment_status":"open","ping_status":"open","template":"page-template-wide.php","meta":[],"_links":{"self":[{"href":"http:\/\/www.simone-huelshorst.de\/index.php?rest_route=\/wp\/v2\/pages\/25"}],"collection":[{"href":"http:\/\/www.simone-huelshorst.de\/index.php?rest_route=\/wp\/v2\/pages"}],"about":[{"href":"http:\/\/www.simone-huelshorst.de\/index.php?rest_route=\/wp\/v2\/types\/page"}],"author":[{"embeddable":true,"href":"http:\/\/www.simone-huelshorst.de\/index.php?rest_route=\/wp\/v2\/users\/1"}],"replies":[{"embeddable":true,"href":"http:\/\/www.simone-huelshorst.de\/index.php?rest_route=%2Fwp%2Fv2%2Fcomments&post=25"}],"version-history":[{"count":7,"href":"http:\/\/www.simone-huelshorst.de\/index.php?rest_route=\/wp\/v2\/pages\/25\/revisions"}],"predecessor-version":[{"id":71,"href":"http:\/\/www.simone-huelshorst.de\/index.php?rest_route=\/wp\/v2\/pages\/25\/revisions\/71"}],"wp:attachment":[{"href":"http:\/\/www.simone-huelshorst.de\/index.php?rest_route=%2Fwp%2Fv2%2Fmedia&parent=25"}],"curies":[{"name":"wp","href":"https:\/\/api.w.org\/{rel}","templated":true}]}}