{"id":124,"date":"2014-08-17T20:25:32","date_gmt":"2014-08-17T18:25:32","guid":{"rendered":"http:\/\/www.simone-huelshorst.de\/?page_id=124"},"modified":"2014-10-05T18:42:19","modified_gmt":"2014-10-05T16:42:19","slug":"hobobag","status":"publish","type":"page","link":"http:\/\/www.simone-huelshorst.de\/?page_id=124","title":{"rendered":"Hobobag"},"content":{"rendered":"<p style=\"text-align: justify;\">Eine Hobo-Tasche ist eine ger\u00e4umige, nach unten durchh\u00e4ngende und h\u00e4ufig sackf\u00f6rmige Tasche. Der Name leitet sich von Amerikanischen Landarbeitern bzw. Landstreichern ab, die dort Hobo genannt werden. Da die Form an die B\u00fcndel von Landstreichern erinnert, hei\u00dft sie Hobo. Der Begriff Hobo kommt aus dem Englischen und wird dort f\u00fcr Landarbeiter bzw. Wanderarbeiter verwendet.<\/p>\n<div id=\"metaslider-id-138\" style=\"max-width: 600px;\" class=\"ml-slider-3-19-1 metaslider metaslider-nivo metaslider-138 ml-slider\">\n    <div id=\"metaslider_container_138\">\n        <div class='slider-wrapper theme-default'><div class='ribbon'><\/div><div id='metaslider_138' class='nivoSlider'><img src=\"http:\/\/www.simone-huelshorst.de\/sh\/wp-content\/uploads\/2014\/10\/HS_Lisa14Mix-01_600x400.jpg\" height=\"400\" width=\"600\" alt=\"\" class=\"slider-138 slide-252\" \/><img src=\"http:\/\/www.simone-huelshorst.de\/sh\/wp-content\/uploads\/2014\/10\/HS_Lisa140728-5-1_600x400.jpg\" height=\"400\" width=\"600\" alt=\"\" class=\"slider-138 slide-253\" \/><img src=\"http:\/\/www.simone-huelshorst.de\/sh\/wp-content\/uploads\/2014\/10\/HS_Lisa140729-07_600x400_verkauft.jpg\" height=\"400\" width=\"600\" alt=\"\" class=\"slider-138 slide-314\" \/><img src=\"http:\/\/www.simone-huelshorst.de\/sh\/wp-content\/uploads\/2014\/10\/HS_Lisa141003-09_600x400.jpg\" height=\"400\" width=\"600\" alt=\"\" class=\"slider-138 slide-255\" \/><img src=\"http:\/\/www.simone-huelshorst.de\/sh\/wp-content\/uploads\/2014\/10\/Lisa141016-09_600x400.jpg\" height=\"400\" width=\"600\" alt=\"\" class=\"slider-138 slide-313\" \/><\/div><\/div>\n        \n    <\/div>\n<\/div>\n","protected":false},"excerpt":{"rendered":"<p>Eine Hobo-Tasche ist eine ger\u00e4umige, nach unten durchh\u00e4ngende und h\u00e4ufig sackf\u00f6rmige Tasche. Der Name leitet sich von Amerikanischen Landarbeitern bzw. Landstreichern ab, die dort Hobo genannt werden. Da die Form an die B\u00fcndel von Landstreichern&#8230;<\/p>\n","protected":false},"author":1,"featured_media":0,"parent":95,"menu_order":0,"comment_status":"open","ping_status":"open","template":"page-template-wide.php","meta":[],"_links":{"self":[{"href":"http:\/\/www.simone-huelshorst.de\/index.php?rest_route=\/wp\/v2\/pages\/124"}],"collection":[{"href":"http:\/\/www.simone-huelshorst.de\/index.php?rest_route=\/wp\/v2\/pages"}],"about":[{"href":"http:\/\/www.simone-huelshorst.de\/index.php?rest_route=\/wp\/v2\/types\/page"}],"author":[{"embeddable":true,"href":"http:\/\/www.simone-huelshorst.de\/index.php?rest_route=\/wp\/v2\/users\/1"}],"replies":[{"embeddable":true,"href":"http:\/\/www.simone-huelshorst.de\/index.php?rest_route=%2Fwp%2Fv2%2Fcomments&post=124"}],"version-history":[{"count":8,"href":"http:\/\/www.simone-huelshorst.de\/index.php?rest_route=\/wp\/v2\/pages\/124\/revisions"}],"predecessor-version":[{"id":268,"href":"http:\/\/www.simone-huelshorst.de\/index.php?rest_route=\/wp\/v2\/pages\/124\/revisions\/268"}],"up":[{"embeddable":true,"href":"http:\/\/www.simone-huelshorst.de\/index.php?rest_route=\/wp\/v2\/pages\/95"}],"wp:attachment":[{"href":"http:\/\/www.simone-huelshorst.de\/index.php?rest_route=%2Fwp%2Fv2%2Fmedia&parent=124"}],"curies":[{"name":"wp","href":"https:\/\/api.w.org\/{rel}","templated":true}]}}